{"id":5923,"date":"2023-10-12T17:20:32","date_gmt":"2023-10-12T22:20:32","guid":{"rendered":"http:\/\/acymecuador.org\/iglesia\/?page_id=5923"},"modified":"2023-12-22T11:02:47","modified_gmt":"2023-12-22T16:02:47","slug":"jdn","status":"publish","type":"page","link":"https:\/\/acymecuador.org\/iglesia\/jdn\/","title":{"rendered":"JUNTA DIRECTIVA NACIONAL 2023 -2026"},"content":{"rendered":"\n<div class=\"wp-block-group alignfull has-global-padding is-layout-constrained wp-block-group-is-layout-constrained\" style=\"margin-top:0px;margin-bottom:0px;padding-top:64px;padding-bottom:64px\">\n<div class=\"wp-block-columns alignwide is-layout-flex wp-container-core-columns-is-layout-28f84493 wp-block-columns-is-layout-flex\">\n<div class=\"wp-block-column has-ti-bg-alt-background-color has-background is-layout-flow wp-block-column-is-layout-flow\" style=\"border-width:1px;padding-right:var(--wp--preset--spacing--50);padding-bottom:var(--wp--preset--spacing--50);padding-left:var(--wp--preset--spacing--50)\">\n<figure class=\"wp-block-image size-large size-full\"><img loading=\"lazy\" decoding=\"async\" width=\"1024\" height=\"1024\" src=\"http:\/\/acymecuador.org\/iglesia\/wp-content\/uploads\/2023\/10\/male-user-avatar-icon-in-flat-design-style-person-signs-illustration-png-1024x1024.png\" alt=\"\" class=\"wp-image-5929\" srcset=\"https:\/\/acymecuador.org\/iglesia\/wp-content\/uploads\/2023\/10\/male-user-avatar-icon-in-flat-design-style-person-signs-illustration-png-1024x1024.png 1024w, https:\/\/acymecuador.org\/iglesia\/wp-content\/uploads\/2023\/10\/male-user-avatar-icon-in-flat-design-style-person-signs-illustration-png-300x300.png 300w, https:\/\/acymecuador.org\/iglesia\/wp-content\/uploads\/2023\/10\/male-user-avatar-icon-in-flat-design-style-person-signs-illustration-png-150x150.png 150w, https:\/\/acymecuador.org\/iglesia\/wp-content\/uploads\/2023\/10\/male-user-avatar-icon-in-flat-design-style-person-signs-illustration-png-768x768.png 768w, https:\/\/acymecuador.org\/iglesia\/wp-content\/uploads\/2023\/10\/male-user-avatar-icon-in-flat-design-style-person-signs-illustration-png-1536x1536.png 1536w, https:\/\/acymecuador.org\/iglesia\/wp-content\/uploads\/2023\/10\/male-user-avatar-icon-in-flat-design-style-person-signs-illustration-png.png 1920w\" sizes=\"auto, (max-width: 1024px) 100vw, 1024px\" \/><\/figure>\n\n\n\n<h3 class=\"wp-block-heading has-text-align-center\">Pst. Lcdo. David <\/h3>\n\n\n\n<h3 class=\"wp-block-heading has-text-align-center\" style=\"margin-top:0;margin-right:0;margin-bottom:0;margin-left:0\">Muthre Ruiz<\/h3>\n\n\n\n<p class=\"has-text-align-center\">Presidente<\/p>\n\n\n\n<p class=\"has-text-align-center\">presidencia@acymecuador.org<\/p>\n<\/div>\n\n\n\n<div class=\"wp-block-column has-ti-bg-alt-background-color has-background is-layout-flow wp-block-column-is-layout-flow\" style=\"border-width:1px;padding-right:var(--wp--preset--spacing--50);padding-bottom:var(--wp--preset--spacing--50);padding-left:var(--wp--preset--spacing--50)\">\n<figure class=\"wp-block-image size-large size-full\"><img loading=\"lazy\" decoding=\"async\" width=\"1024\" height=\"1024\" src=\"http:\/\/acymecuador.org\/iglesia\/wp-content\/uploads\/2023\/10\/male-user-avatar-icon-in-flat-design-style-person-signs-illustration-png-1024x1024.png\" alt=\"\" class=\"wp-image-5929\" srcset=\"https:\/\/acymecuador.org\/iglesia\/wp-content\/uploads\/2023\/10\/male-user-avatar-icon-in-flat-design-style-person-signs-illustration-png-1024x1024.png 1024w, https:\/\/acymecuador.org\/iglesia\/wp-content\/uploads\/2023\/10\/male-user-avatar-icon-in-flat-design-style-person-signs-illustration-png-300x300.png 300w, https:\/\/acymecuador.org\/iglesia\/wp-content\/uploads\/2023\/10\/male-user-avatar-icon-in-flat-design-style-person-signs-illustration-png-150x150.png 150w, https:\/\/acymecuador.org\/iglesia\/wp-content\/uploads\/2023\/10\/male-user-avatar-icon-in-flat-design-style-person-signs-illustration-png-768x768.png 768w, https:\/\/acymecuador.org\/iglesia\/wp-content\/uploads\/2023\/10\/male-user-avatar-icon-in-flat-design-style-person-signs-illustration-png-1536x1536.png 1536w, https:\/\/acymecuador.org\/iglesia\/wp-content\/uploads\/2023\/10\/male-user-avatar-icon-in-flat-design-style-person-signs-illustration-png.png 1920w\" sizes=\"auto, (max-width: 1024px) 100vw, 1024px\" \/><\/figure>\n\n\n\n<h3 class=\"wp-block-heading has-text-align-center\">Pst. Lcdo. Medardo <\/h3>\n\n\n\n<h3 class=\"wp-block-heading has-text-align-center\" style=\"margin-top:0;margin-bottom:0\">D\u00edaz L\u00f3pez<\/h3>\n\n\n\n<p class=\"has-text-align-center\">Vicepresidente<\/p>\n\n\n\n<p class=\"has-text-align-center\">medardito1964@gmail.com<\/p>\n<\/div>\n\n\n\n<div class=\"wp-block-column has-ti-bg-alt-background-color has-background is-layout-flow wp-block-column-is-layout-flow\" style=\"border-width:1px;padding-right:var(--wp--preset--spacing--50);padding-bottom:var(--wp--preset--spacing--50);padding-left:var(--wp--preset--spacing--50)\">\n<figure class=\"wp-block-image size-large size-full\"><img loading=\"lazy\" decoding=\"async\" width=\"1024\" height=\"1024\" src=\"http:\/\/acymecuador.org\/iglesia\/wp-content\/uploads\/2023\/10\/male-user-avatar-icon-in-flat-design-style-person-signs-illustration-png-1024x1024.png\" alt=\"\" class=\"wp-image-5929\" srcset=\"https:\/\/acymecuador.org\/iglesia\/wp-content\/uploads\/2023\/10\/male-user-avatar-icon-in-flat-design-style-person-signs-illustration-png-1024x1024.png 1024w, https:\/\/acymecuador.org\/iglesia\/wp-content\/uploads\/2023\/10\/male-user-avatar-icon-in-flat-design-style-person-signs-illustration-png-300x300.png 300w, https:\/\/acymecuador.org\/iglesia\/wp-content\/uploads\/2023\/10\/male-user-avatar-icon-in-flat-design-style-person-signs-illustration-png-150x150.png 150w, https:\/\/acymecuador.org\/iglesia\/wp-content\/uploads\/2023\/10\/male-user-avatar-icon-in-flat-design-style-person-signs-illustration-png-768x768.png 768w, https:\/\/acymecuador.org\/iglesia\/wp-content\/uploads\/2023\/10\/male-user-avatar-icon-in-flat-design-style-person-signs-illustration-png-1536x1536.png 1536w, https:\/\/acymecuador.org\/iglesia\/wp-content\/uploads\/2023\/10\/male-user-avatar-icon-in-flat-design-style-person-signs-illustration-png.png 1920w\" sizes=\"auto, (max-width: 1024px) 100vw, 1024px\" \/><\/figure>\n\n\n\n<h3 class=\"wp-block-heading has-text-align-center\">Ing. Luis <\/h3>\n\n\n\n<h3 class=\"wp-block-heading has-text-align-center\" style=\"margin-top:0;margin-bottom:0\">Moreno Villacr\u00e9s<\/h3>\n\n\n\n<p class=\"has-text-align-center\">Tesorero<\/p>\n\n\n\n<p class=\"has-text-align-center\">tesoreria@acymecuador.org<\/p>\n<\/div>\n<\/div>\n\n\n\n<div class=\"wp-block-columns alignwide is-layout-flex wp-container-core-columns-is-layout-28f84493 wp-block-columns-is-layout-flex\">\n<div class=\"wp-block-column has-ti-bg-alt-background-color has-background is-layout-flow wp-block-column-is-layout-flow\" style=\"border-width:1px;padding-right:var(--wp--preset--spacing--50);padding-bottom:var(--wp--preset--spacing--50);padding-left:var(--wp--preset--spacing--50)\">\n<figure class=\"wp-block-image size-large size-full\"><img loading=\"lazy\" decoding=\"async\" width=\"1024\" height=\"1024\" src=\"http:\/\/acymecuador.org\/iglesia\/wp-content\/uploads\/2023\/10\/male-user-avatar-icon-in-flat-design-style-person-signs-illustration-png-1024x1024.png\" alt=\"\" class=\"wp-image-5929\" srcset=\"https:\/\/acymecuador.org\/iglesia\/wp-content\/uploads\/2023\/10\/male-user-avatar-icon-in-flat-design-style-person-signs-illustration-png-1024x1024.png 1024w, https:\/\/acymecuador.org\/iglesia\/wp-content\/uploads\/2023\/10\/male-user-avatar-icon-in-flat-design-style-person-signs-illustration-png-300x300.png 300w, https:\/\/acymecuador.org\/iglesia\/wp-content\/uploads\/2023\/10\/male-user-avatar-icon-in-flat-design-style-person-signs-illustration-png-150x150.png 150w, https:\/\/acymecuador.org\/iglesia\/wp-content\/uploads\/2023\/10\/male-user-avatar-icon-in-flat-design-style-person-signs-illustration-png-768x768.png 768w, https:\/\/acymecuador.org\/iglesia\/wp-content\/uploads\/2023\/10\/male-user-avatar-icon-in-flat-design-style-person-signs-illustration-png-1536x1536.png 1536w, https:\/\/acymecuador.org\/iglesia\/wp-content\/uploads\/2023\/10\/male-user-avatar-icon-in-flat-design-style-person-signs-illustration-png.png 1920w\" sizes=\"auto, (max-width: 1024px) 100vw, 1024px\" \/><\/figure>\n\n\n\n<h3 class=\"wp-block-heading has-text-align-center\">Pst. Neyo <\/h3>\n\n\n\n<h3 class=\"wp-block-heading has-text-align-center\" style=\"margin-top:0;margin-bottom:0\">Pin Rodr\u00edguez<\/h3>\n\n\n\n<p class=\"has-text-align-center\">Secretario<\/p>\n\n\n\n<p class=\"has-text-align-center\">neyopin@hotmail.com<\/p>\n<\/div>\n\n\n\n<div class=\"wp-block-column has-ti-bg-alt-background-color has-background is-layout-flow wp-block-column-is-layout-flow\" style=\"border-width:1px;padding-right:var(--wp--preset--spacing--50);padding-bottom:var(--wp--preset--spacing--50);padding-left:var(--wp--preset--spacing--50)\">\n<figure class=\"wp-block-image size-large size-full\"><img loading=\"lazy\" decoding=\"async\" width=\"1024\" height=\"1024\" src=\"http:\/\/acymecuador.org\/iglesia\/wp-content\/uploads\/2023\/10\/male-user-avatar-icon-in-flat-design-style-person-signs-illustration-png-1024x1024.png\" alt=\"\" class=\"wp-image-5929\" srcset=\"https:\/\/acymecuador.org\/iglesia\/wp-content\/uploads\/2023\/10\/male-user-avatar-icon-in-flat-design-style-person-signs-illustration-png-1024x1024.png 1024w, https:\/\/acymecuador.org\/iglesia\/wp-content\/uploads\/2023\/10\/male-user-avatar-icon-in-flat-design-style-person-signs-illustration-png-300x300.png 300w, https:\/\/acymecuador.org\/iglesia\/wp-content\/uploads\/2023\/10\/male-user-avatar-icon-in-flat-design-style-person-signs-illustration-png-150x150.png 150w, https:\/\/acymecuador.org\/iglesia\/wp-content\/uploads\/2023\/10\/male-user-avatar-icon-in-flat-design-style-person-signs-illustration-png-768x768.png 768w, https:\/\/acymecuador.org\/iglesia\/wp-content\/uploads\/2023\/10\/male-user-avatar-icon-in-flat-design-style-person-signs-illustration-png-1536x1536.png 1536w, https:\/\/acymecuador.org\/iglesia\/wp-content\/uploads\/2023\/10\/male-user-avatar-icon-in-flat-design-style-person-signs-illustration-png.png 1920w\" sizes=\"auto, (max-width: 1024px) 100vw, 1024px\" \/><\/figure>\n\n\n\n<h3 class=\"wp-block-heading has-text-align-center\">Pst. Lcdo. Patricio<\/h3>\n\n\n\n<h3 class=\"wp-block-heading has-text-align-center\" style=\"margin-top:0;margin-bottom:0\">P\u00e9rez Luna<\/h3>\n\n\n\n<p class=\"has-text-align-center\">1er. Vocal<\/p>\n\n\n\n<p class=\"has-text-align-center\">proj6@hotmail.com<\/p>\n<\/div>\n\n\n\n<div class=\"wp-block-column has-ti-bg-alt-background-color has-background is-layout-flow wp-block-column-is-layout-flow\" style=\"border-width:1px;padding-right:var(--wp--preset--spacing--50);padding-bottom:var(--wp--preset--spacing--50);padding-left:var(--wp--preset--spacing--50)\">\n<figure class=\"wp-block-image size-large size-full\"><img loading=\"lazy\" decoding=\"async\" width=\"1024\" height=\"1024\" src=\"http:\/\/acymecuador.org\/iglesia\/wp-content\/uploads\/2023\/10\/male-user-avatar-icon-in-flat-design-style-person-signs-illustration-png-1024x1024.png\" alt=\"\" class=\"wp-image-5929\" srcset=\"https:\/\/acymecuador.org\/iglesia\/wp-content\/uploads\/2023\/10\/male-user-avatar-icon-in-flat-design-style-person-signs-illustration-png-1024x1024.png 1024w, https:\/\/acymecuador.org\/iglesia\/wp-content\/uploads\/2023\/10\/male-user-avatar-icon-in-flat-design-style-person-signs-illustration-png-300x300.png 300w, https:\/\/acymecuador.org\/iglesia\/wp-content\/uploads\/2023\/10\/male-user-avatar-icon-in-flat-design-style-person-signs-illustration-png-150x150.png 150w, https:\/\/acymecuador.org\/iglesia\/wp-content\/uploads\/2023\/10\/male-user-avatar-icon-in-flat-design-style-person-signs-illustration-png-768x768.png 768w, https:\/\/acymecuador.org\/iglesia\/wp-content\/uploads\/2023\/10\/male-user-avatar-icon-in-flat-design-style-person-signs-illustration-png-1536x1536.png 1536w, https:\/\/acymecuador.org\/iglesia\/wp-content\/uploads\/2023\/10\/male-user-avatar-icon-in-flat-design-style-person-signs-illustration-png.png 1920w\" sizes=\"auto, (max-width: 1024px) 100vw, 1024px\" \/><\/figure>\n\n\n\n<h3 class=\"wp-block-heading has-text-align-center\">Pst. Ing. Pa\u00fal <\/h3>\n\n\n\n<h3 class=\"wp-block-heading has-text-align-center\" style=\"margin-top:0;margin-bottom:0\">Candela Robles<\/h3>\n\n\n\n<p class=\"has-text-align-center\">2do Vocal<\/p>\n\n\n\n<p class=\"has-text-align-center\">ocandelarobles@gmail.com<\/p>\n<\/div>\n<\/div>\n\n\n\n<div class=\"wp-block-columns alignwide is-layout-flex wp-container-core-columns-is-layout-28f84493 wp-block-columns-is-layout-flex\">\n<div class=\"wp-block-column is-layout-flow wp-block-column-is-layout-flow\" style=\"padding-right:var(--wp--preset--spacing--50);padding-bottom:var(--wp--preset--spacing--50);padding-left:var(--wp--preset--spacing--50)\"><\/div>\n\n\n\n<div class=\"wp-block-column has-ti-bg-alt-background-color has-background is-layout-flow wp-block-column-is-layout-flow\" style=\"border-width:1px;padding-right:var(--wp--preset--spacing--50);padding-bottom:var(--wp--preset--spacing--50);padding-left:var(--wp--preset--spacing--50)\">\n<figure class=\"wp-block-image size-large size-full\"><img loading=\"lazy\" decoding=\"async\" width=\"1024\" height=\"1024\" src=\"http:\/\/acymecuador.org\/iglesia\/wp-content\/uploads\/2023\/10\/male-user-avatar-icon-in-flat-design-style-person-signs-illustration-png-1024x1024.png\" alt=\"\" class=\"wp-image-5929\" srcset=\"https:\/\/acymecuador.org\/iglesia\/wp-content\/uploads\/2023\/10\/male-user-avatar-icon-in-flat-design-style-person-signs-illustration-png-1024x1024.png 1024w, https:\/\/acymecuador.org\/iglesia\/wp-content\/uploads\/2023\/10\/male-user-avatar-icon-in-flat-design-style-person-signs-illustration-png-300x300.png 300w, https:\/\/acymecuador.org\/iglesia\/wp-content\/uploads\/2023\/10\/male-user-avatar-icon-in-flat-design-style-person-signs-illustration-png-150x150.png 150w, https:\/\/acymecuador.org\/iglesia\/wp-content\/uploads\/2023\/10\/male-user-avatar-icon-in-flat-design-style-person-signs-illustration-png-768x768.png 768w, https:\/\/acymecuador.org\/iglesia\/wp-content\/uploads\/2023\/10\/male-user-avatar-icon-in-flat-design-style-person-signs-illustration-png-1536x1536.png 1536w, https:\/\/acymecuador.org\/iglesia\/wp-content\/uploads\/2023\/10\/male-user-avatar-icon-in-flat-design-style-person-signs-illustration-png.png 1920w\" sizes=\"auto, (max-width: 1024px) 100vw, 1024px\" \/><\/figure>\n\n\n\n<h3 class=\"wp-block-heading has-text-align-center\">Pst. Lcdo. Luis <\/h3>\n\n\n\n<h3 class=\"wp-block-heading has-text-align-center\" style=\"margin-top:0;margin-bottom:0\">Sol\u00eds Sol\u00eds<\/h3>\n\n\n\n<p class=\"has-text-align-center\">3er. Vocal<\/p>\n\n\n\n<p class=\"has-text-align-center\">lsolis@alianzarepublica.org<\/p>\n<\/div>\n\n\n\n<div class=\"wp-block-column is-layout-flow wp-block-column-is-layout-flow\" style=\"padding-right:var(--wp--preset--spacing--50);padding-bottom:var(--wp--preset--spacing--50);padding-left:var(--wp--preset--spacing--50)\"><\/div>\n<\/div>\n<\/div>\n","protected":false},"excerpt":{"rendered":"<p>Pst. Lcdo. David Muthre Ruiz Presidente presidencia@acymecuador.org Pst. Lcdo. Medardo D\u00edaz L\u00f3pez Vicepresidente medardito1964@gmail.com Ing. Luis Moreno Villacr\u00e9s Tesorero tesoreria@acymecuador.org Pst. Neyo Pin Rodr\u00edguez Secretario neyopin@hotmail.com Pst. Lcdo. Patricio P\u00e9rez Luna 1er. Vocal proj6@hotmail.com Pst. Ing. Pa\u00fal Candela Robles 2do Vocal ocandelarobles@gmail.com Pst. Lcdo. Luis Sol\u00eds Sol\u00eds 3er. Vocal lsolis@alianzarepublica.org<\/p>\n","protected":false},"author":1,"featured_media":6816,"parent":0,"menu_order":0,"comment_status":"closed","ping_status":"closed","template":"","meta":{"_eb_attr":"","om_disable_all_campaigns":false,"footnotes":""},"class_list":["post-5923","page","type-page","status-publish","has-post-thumbnail","hentry"],"jetpack_sharing_enabled":true,"_links":{"self":[{"href":"https:\/\/acymecuador.org\/iglesia\/wp-json\/wp\/v2\/pages\/5923","targetHints":{"allow":["GET"]}}],"collection":[{"href":"https:\/\/acymecuador.org\/iglesia\/wp-json\/wp\/v2\/pages"}],"about":[{"href":"https:\/\/acymecuador.org\/iglesia\/wp-json\/wp\/v2\/types\/page"}],"author":[{"embeddable":true,"href":"https:\/\/acymecuador.org\/iglesia\/wp-json\/wp\/v2\/users\/1"}],"replies":[{"embeddable":true,"href":"https:\/\/acymecuador.org\/iglesia\/wp-json\/wp\/v2\/comments?post=5923"}],"version-history":[{"count":11,"href":"https:\/\/acymecuador.org\/iglesia\/wp-json\/wp\/v2\/pages\/5923\/revisions"}],"predecessor-version":[{"id":7044,"href":"https:\/\/acymecuador.org\/iglesia\/wp-json\/wp\/v2\/pages\/5923\/revisions\/7044"}],"wp:featuredmedia":[{"embeddable":true,"href":"https:\/\/acymecuador.org\/iglesia\/wp-json\/wp\/v2\/media\/6816"}],"wp:attachment":[{"href":"https:\/\/acymecuador.org\/iglesia\/wp-json\/wp\/v2\/media?parent=5923"}],"curies":[{"name":"wp","href":"https:\/\/api.w.org\/{rel}","templated":true}]}}