{"id":5909,"date":"2023-10-12T16:24:17","date_gmt":"2023-10-12T21:24:17","guid":{"rendered":"http:\/\/acymecuador.org\/iglesia\/?page_id=5909"},"modified":"2023-12-26T16:00:27","modified_gmt":"2023-12-26T21:00:27","slug":"acym","status":"publish","type":"page","link":"https:\/\/acymecuador.org\/iglesia\/acym\/","title":{"rendered":"IGLESIA EVANG\u00c9LICA ECUATORIANA ALIANZA CRISTIANA Y MISIONERA"},"content":{"rendered":"\n<div class=\"wp-block-group has-global-padding is-layout-constrained wp-block-group-is-layout-constrained\">\n<h2 class=\"wp-block-heading has-text-align-center\">Identidad Aliancista<\/h2>\n\n\n\n<h2 class=\"wp-block-heading\">Visi\u00f3n<\/h2>\n\n\n\n<p class=\"has-text-align-justify\">La Iglesia Alianza Cristiana y Misionera, movilizada con un testimonio de impacto, para transformar la Naci\u00f3n con el Evangelio de Jesucristo.<\/p>\n\n\n\n<h2 class=\"wp-block-heading\">Misi\u00f3n<\/h2>\n\n\n\n<p class=\"has-text-align-justify\">Anunciar el Evangelio de Jesucristo y formar disc\u00edpulos irreprensibles que establezcan los valores y principios del Reino de Dios, sirviendo a nuestra comunidad con amor. (Mt. 9:35-38)<\/p>\n\n\n\n<h2 class=\"wp-block-heading\">\u00bfQui\u00e9nes somos?<\/h2>\n\n\n\n<p class=\"has-text-align-justify\">Somos parte de una comunidad cristiana a nivel mundial fundada en el a\u00f1o de 1887. Una alianza de cristianos evang\u00e9licos, unidos en diversas iglesias y congregaciones asociadas en el Ecuador, comprometidos con el Se\u00f1or Jesucristo, siendo fieles a las ense\u00f1anzas de la Palabra de Dios y dedicados a cumplir la Gran Comisi\u00f3n que \u00c9l mismo deleg\u00f3 a sus seguidores, encaminados a ser como Cristo y resplandecer en el mundo, a trav\u00e9s de vidas transformadas por Su glorioso poder.<\/p>\n<\/div>\n\n\n\n<div class=\"wp-block-group alignwide has-global-padding is-layout-constrained wp-block-group-is-layout-constrained\">\n<h2 class=\"wp-block-heading has-text-align-center\">Creemos firmemente en:<\/h2>\n\n\n\n<div class=\"wp-block-group alignfull has-ti-fg-alt-color has-text-color has-global-padding is-layout-constrained wp-container-core-group-is-layout-6d5ae1eb wp-block-group-is-layout-constrained\" style=\"margin-top:0px;margin-bottom:0px;padding-top:64px;padding-right:24px;padding-bottom:64px;padding-left:24px\">\n<div class=\"wp-block-columns alignwide is-layout-flex wp-container-core-columns-is-layout-6dfede7a wp-block-columns-is-layout-flex\">\n<div class=\"wp-block-column is-layout-flow wp-block-column-is-layout-flow\" style=\"flex-basis:20%\">\n<figure class=\"wp-block-image aligncenter size-full is-resized has-custom-border\"><img decoding=\"async\" src=\"http:\/\/acymecuador.org\/iglesia\/wp-content\/uploads\/2017\/06\/cruz-1.svg\" alt=\"\" class=\"wp-image-488\" style=\"border-style:none;border-width:0px;border-radius:0px;object-fit:contain;width:56px;height:56px\"\/><\/figure>\n\n\n\n<h4 class=\"wp-block-heading has-text-align-center has-ti-fg-color has-text-color has-link-color has-medium-font-size wp-elements-b9b1880f00da01ee2db8be2f22017766\" style=\"margin-top:var(--wp--preset--spacing--30);margin-right:0;margin-bottom:var(--wp--preset--spacing--30);margin-left:0\">La Cruz<\/h4>\n\n\n\n<p class=\"has-text-align-center has-ti-bg-inv-color has-text-color has-link-color has-small-font-size wp-elements-623ca1054721d5b51deeeecfb2a4eb8e\"><strong><em>Cristo es nuestro<\/em><\/strong> <\/p>\n\n\n\n<p class=\"has-text-align-center has-ti-bg-inv-color has-text-color has-link-color has-small-font-size wp-elements-4babc6bc04b4f1bed69302a7f583ff49\" style=\"margin-top:0;margin-right:0;margin-bottom:0;margin-left:0\"><strong><em>Salvador.<\/em><\/strong> <\/p>\n\n\n\n<p class=\"has-text-align-justify has-ti-bg-inv-color has-text-color has-link-color has-small-font-size wp-elements-4478d9a39ffa2de1b4dc1839f6feca0f\">Creemos que Jes\u00fas es el \u00fanico camino hacia Dios (Jn. 14:6).<\/p>\n<\/div>\n\n\n\n<div class=\"wp-block-column is-layout-flow wp-block-column-is-layout-flow\" style=\"flex-basis:20%\">\n<figure class=\"wp-block-image aligncenter size-full is-resized has-custom-border\"><img loading=\"lazy\" decoding=\"async\" width=\"67\" height=\"95\" src=\"http:\/\/acymecuador.org\/iglesia\/wp-content\/uploads\/2017\/06\/copa1.png\" alt=\"\" class=\"wp-image-442\" style=\"border-style:none;border-width:0px;object-fit:contain;width:56px;height:56px\"\/><\/figure>\n\n\n\n<h4 class=\"wp-block-heading has-text-align-center has-ti-bg-inv-color has-text-color has-link-color has-medium-font-size wp-elements-625117984bd05b508aabb819612f40fa\" style=\"margin-top:var(--wp--preset--spacing--30);margin-bottom:var(--wp--preset--spacing--30)\">El Lavacro<\/h4>\n\n\n\n<p class=\"has-text-align-center has-ti-bg-inv-color has-text-color has-link-color has-small-font-size wp-elements-5fd944f21f36363d83f4ea0e5f6f566a\"><strong><em>Cristo es nuestro<\/em><\/strong><\/p>\n\n\n\n<p class=\"has-text-align-center has-ti-bg-inv-color has-text-color has-link-color has-small-font-size wp-elements-dc4b832988cdd37d3e86ba95ae0e4229\" style=\"margin-top:0;margin-right:0;margin-bottom:0;margin-left:0\"><strong><em>Santificador.<\/em><\/strong> <\/p>\n\n\n\n<p class=\"has-text-align-justify has-ti-bg-inv-color has-text-color has-link-color has-small-font-size wp-elements-d8273730247473d3774edbf0a27ab497\">Creemos en el Esp\u00edritu Santo de Dios y en su llenura, \u00fanico medio por el cual podemos llevar una vida cristiana santa y victoriosa (1 Cor. 6:11).<\/p>\n<\/div>\n\n\n\n<div class=\"wp-block-column is-layout-flow wp-block-column-is-layout-flow\" style=\"flex-basis:20%\">\n<figure class=\"wp-block-image aligncenter size-full is-resized\"><img decoding=\"async\" src=\"http:\/\/acymecuador.org\/iglesia\/wp-content\/uploads\/2017\/06\/jarro.svg\" alt=\"\" class=\"wp-image-438\" style=\"object-fit:contain;width:56px;height:56px\"\/><\/figure>\n\n\n\n<h4 class=\"wp-block-heading has-text-align-center has-ti-bg-inv-color has-text-color has-link-color has-medium-font-size wp-elements-e8d26086fd16e1032b580e4eb2535e63\">El Jarro<\/h4>\n\n\n\n<p class=\"has-text-align-center has-ti-bg-inv-color has-text-color has-link-color has-small-font-size wp-elements-d8de795a47ac6d08f266e0f192e6a86b\"><strong><em>Cristo es nuestro <\/em><\/strong> <\/p>\n\n\n\n<p class=\"has-text-align-center has-ti-bg-inv-color has-text-color has-link-color has-small-font-size wp-elements-f177d4b31f369f289a7e2dffa7a8ed3c\" style=\"margin-top:0;margin-right:0;margin-bottom:0;margin-left:0\"><strong><em>Sanador.<\/em><\/strong> <\/p>\n\n\n\n<p class=\"has-text-align-justify has-ti-bg-inv-color has-text-color has-link-color has-small-font-size wp-elements-01f9241d6d93850602f09513d65851c7\">Con su muerte en la cruz, Jes\u00fas provey\u00f3 el medio para que todos pudi\u00e9semos alcanzar la sanidad de nuestros cuerpos (Mr. 6:56).<\/p>\n<\/div>\n\n\n\n<div class=\"wp-block-column is-layout-flow wp-block-column-is-layout-flow\" style=\"flex-basis:20%\">\n<figure class=\"wp-block-image aligncenter size-full is-resized\"><img decoding=\"async\" src=\"http:\/\/acymecuador.org\/iglesia\/wp-content\/uploads\/2017\/06\/corona.svg\" alt=\"\" class=\"wp-image-437\" style=\"object-fit:contain;width:56px;height:56px\"\/><\/figure>\n\n\n\n<h4 class=\"wp-block-heading has-text-align-center has-ti-bg-inv-color has-text-color has-link-color has-medium-font-size wp-elements-e92a682c1b146702609862281b423889\">La Corona<\/h4>\n\n\n\n<p class=\"has-text-align-center has-ti-bg-inv-color has-text-color has-link-color has-small-font-size wp-elements-3d259b520efeff3fe59b2f71049e006b\"><em><strong>Cristo es nuestro Rey que viene pronto<\/strong><\/em><\/p>\n\n\n\n<p class=\"has-text-align-justify has-ti-bg-inv-color has-text-color has-link-color has-small-font-size wp-elements-5cf641cc4572d6e0b341a6f527d60f0b\">Creemos en la segunda venida de Jesucristo y en el rapto de la Iglesia. Su venida ser\u00e1 antes del milenio y puede ocurrir en cualquier momento. Ese hecho motiva nuestro esfuerzo misionero (Hch. 1: 10-11).<\/p>\n<\/div>\n\n\n\n<div class=\"wp-block-column is-layout-flow wp-block-column-is-layout-flow\" style=\"flex-basis:23%\">\n<figure class=\"wp-block-image aligncenter size-full is-resized\"><img loading=\"lazy\" decoding=\"async\" width=\"67\" height=\"90\" src=\"http:\/\/acymecuador.org\/iglesia\/wp-content\/uploads\/2017\/06\/mundo.png\" alt=\"\" class=\"wp-image-462\" style=\"object-fit:contain;width:56px;height:56px\"\/><\/figure>\n\n\n\n<h4 class=\"wp-block-heading has-text-align-center has-ti-bg-inv-color has-text-color has-link-color has-medium-font-size wp-elements-029dcc90a44b1484455edc056aa2a903\" style=\"text-transform:capitalize\">El Globo Terr\u00e1queo<\/h4>\n\n\n\n<p class=\"has-text-align-center has-ti-bg-inv-color has-text-color has-link-color has-small-font-size wp-elements-02a63abb47611bd05273548f9f739b86\"><strong><em>Tenemos como prop\u00f3sito dar cumplimiento a la Gran Comisi\u00f3n<\/em><\/strong><\/p>\n\n\n\n<p class=\"has-text-align-justify has-ti-bg-inv-color has-text-color has-link-color has-small-font-size wp-elements-5071b61b5c3fd246ea78700818de4beb\">Nuestra misi\u00f3n en el mundo (Mt. 28: 18-20).<\/p>\n<\/div>\n<\/div>\n<\/div>\n<\/div>\n\n\n\n<div class=\"wp-block-group has-global-padding is-layout-constrained wp-block-group-is-layout-constrained\">\n<h2 class=\"wp-block-heading has-text-align-center\">Declaraci\u00f3n de fe<\/h2>\n\n\n\n<p class=\"has-text-align-justify\">La Confraternidad Mundial Aliancista ha publicado la siguiente Declaraci\u00f3n de fe, a la cual se adhieren todas las iglesias aliancistas part\u00edcipes de esta confraternidad:<\/p>\n\n\n\n<p class=\"has-text-align-justify\">Existe un solo Dios, infinito en su perfecci\u00f3n, que existe en tres personas: Padre, Hijo y Esp\u00edritu Santo.<\/p>\n\n\n\n<p class=\"has-text-align-justify\">Jesucristo es verdadero Dios y verdadero hombre. Fue concebido por el Esp\u00edritu Santo y naci\u00f3 de la virgen Mar\u00eda. Muri\u00f3 en la cruz, el Justo por los injustos, como sacrificio substitutivo, y todos los que creen en \u00c9l son justificados por medio de Su sangre vertida. Resucit\u00f3 de entre los muertos, seg\u00fan las Escrituras, y actualmente est\u00e1 a la diestra de la Majestad en lo alto como nuestro gran Sumo Sacerdote. Vendr\u00e1 otra vez para establecer Su Reino de justicia y paz.<\/p>\n\n\n\n<p class=\"has-text-align-justify\">El Esp\u00edritu Santo es una Persona Divina, enviada para morar en el creyente, para guiarle, ense\u00f1arle, darle poder y para convencer al mundo de pecado, de justicia y de juicio.<\/p>\n\n\n\n<p class=\"has-text-align-justify\">Los Testamentos, Antiguo y Nuevo, son infalibles tales como fueron originalmente; inspirados verbalmente por Dios y son la revelaci\u00f3n completa de la voluntad de Dios para la salvaci\u00f3n de los seres humanos. Constituyen la \u00fanica regla divina de fe y pr\u00e1ctica cristiana.<\/p>\n\n\n\n<p class=\"has-text-align-justify\">El hombre fue creado originalmente a la imagen y semejanza de Dios; cay\u00f3 por su desobediencia y as\u00ed incurri\u00f3 en la muerte tanto f\u00edsica como espiritual. Todo hombre y mujer nacen con una naturaleza pecaminosa, est\u00e1n separados de la vida de Dios y pueden ser salvos s\u00f3lo por la obra expiatoria del Se\u00f1or Jesucristo. El fin de los impenitentes e incr\u00e9dulos es la existencia eterna en sufrimiento consciente; el del creyente es de gozo y dicha eterna.<\/p>\n\n\n\n<p class=\"has-text-align-justify\">La salvaci\u00f3n se ha provisto por medio de Jesucristo para todos los hombres; y los que se arrepienten y creen en \u00c9l, nacen de nuevo por medio del Esp\u00edritu Santo, reciben el don de la vida eterna y llegan a ser hijos de Dios.<\/p>\n\n\n\n<p class=\"has-text-align-justify\">Es la voluntad de Dios que todo creyente sea lleno del Esp\u00edritu Santo y enteramente santificado, separado del pecado y del mundo, y completamente dedicado a la voluntad de Dios, y as\u00ed recibir\u00e1 poder para vivir santamente y servir eficazmente. Esta experiencia es a la vez una crisis y una experiencia progresiva, efectuada en la vida del creyente despu\u00e9s de su conversi\u00f3n.<\/p>\n\n\n\n<p class=\"has-text-align-justify\">Hay provisi\u00f3n en la obra redentora del Se\u00f1or Jesucristo para la sanidad del cuerpo mortal. La oraci\u00f3n por los enfermos y el ungimiento con aceite son ense\u00f1ados en las Escrituras y son privilegios de la Iglesia para el tiempo presente.<\/p>\n\n\n\n<p class=\"has-text-align-justify\">La iglesia consiste de todos aquellos que creen en el Se\u00f1or Jesucristo, que son redimidos por Su sangre y nacen de nuevo por la Palabra y el Esp\u00edritu Santo. Cristo es la Cabeza del Cuerpo, Su Iglesia, que ha sido comisionada por \u00c9l para<\/p>\n\n\n\n<p class=\"has-text-align-justify\">ir a todo el mundo para testimonio, predicando el Evangelio a todas las naciones.<\/p>\n\n\n\n<p class=\"has-text-align-justify\">La Iglesia local es un cuerpo de creyentes en Cristo que se re\u00fanen para la Adoraci\u00f3n a Dios, la edificaci\u00f3n por la Palabra de Dios, la Oraci\u00f3n, la Comuni\u00f3n, la Proclamaci\u00f3n del Evangelio y la Celebraci\u00f3n de las Ordenanzas del Bautismo y la Santa Cena.<\/p>\n\n\n\n<p class=\"has-text-align-justify\">Habr\u00e1 una resurrecci\u00f3n corporal de los justos y de los injustos; para aquellos ser\u00e1 una resurrecci\u00f3n para vida; y para \u00e9stos, una resurrecci\u00f3n para juicio.<\/p>\n\n\n\n<p class=\"has-text-align-justify\">La Segunda Venida del Se\u00f1or Jesucristo es inminente y ser\u00e1 personal, visible y premilenial. Esta es la esperanza gloriosa del creyente y es una verdad vital que le impulsa a una vida santa y un servicio fiel.<\/p>\n<\/div>\n","protected":false},"excerpt":{"rendered":"<p>Identidad Aliancista Visi\u00f3n La Iglesia Alianza Cristiana y Misionera, movilizada con un testimonio de impacto, para transformar la Naci\u00f3n con el Evangelio de Jesucristo. Misi\u00f3n Anunciar el Evangelio de Jesucristo y formar disc\u00edpulos irreprensibles que establezcan los valores y principios del Reino de Dios, sirviendo a nuestra comunidad con amor. (Mt. 9:35-38) \u00bfQui\u00e9nes somos? Somos [&hellip;]<\/p>\n","protected":false},"author":1,"featured_media":6816,"parent":0,"menu_order":0,"comment_status":"closed","ping_status":"closed","template":"","meta":{"_eb_attr":"","om_disable_all_campaigns":false,"footnotes":""},"class_list":["post-5909","page","type-page","status-publish","has-post-thumbnail","hentry"],"jetpack_sharing_enabled":true,"_links":{"self":[{"href":"https:\/\/acymecuador.org\/iglesia\/wp-json\/wp\/v2\/pages\/5909","targetHints":{"allow":["GET"]}}],"collection":[{"href":"https:\/\/acymecuador.org\/iglesia\/wp-json\/wp\/v2\/pages"}],"about":[{"href":"https:\/\/acymecuador.org\/iglesia\/wp-json\/wp\/v2\/types\/page"}],"author":[{"embeddable":true,"href":"https:\/\/acymecuador.org\/iglesia\/wp-json\/wp\/v2\/users\/1"}],"replies":[{"embeddable":true,"href":"https:\/\/acymecuador.org\/iglesia\/wp-json\/wp\/v2\/comments?post=5909"}],"version-history":[{"count":28,"href":"https:\/\/acymecuador.org\/iglesia\/wp-json\/wp\/v2\/pages\/5909\/revisions"}],"predecessor-version":[{"id":7082,"href":"https:\/\/acymecuador.org\/iglesia\/wp-json\/wp\/v2\/pages\/5909\/revisions\/7082"}],"wp:featuredmedia":[{"embeddable":true,"href":"https:\/\/acymecuador.org\/iglesia\/wp-json\/wp\/v2\/media\/6816"}],"wp:attachment":[{"href":"https:\/\/acymecuador.org\/iglesia\/wp-json\/wp\/v2\/media?parent=5909"}],"curies":[{"name":"wp","href":"https:\/\/api.w.org\/{rel}","templated":true}]}}