{"id":8021,"date":"2026-04-29T11:42:29","date_gmt":"2026-04-29T16:42:29","guid":{"rendered":"https:\/\/acymecuador.org\/iglesia\/?page_id=8021"},"modified":"2026-04-29T16:43:23","modified_gmt":"2026-04-29T21:43:23","slug":"manual-de-marca","status":"publish","type":"page","link":"http:\/\/acymecuador.org\/iglesia\/manual-de-marca\/","title":{"rendered":"MANUAL DE MARCA"},"content":{"rendered":"<div class=\"wpb-content-wrapper\"><p>[vc_row css=\u00bb.vc_custom_1777498020074{margin-top: 0px !important;margin-right: 9% !important;margin-bottom: 10px !important;margin-left: 9% !important;padding-right: 0px !important;padding-left: 0px !important;}\u00bb][vc_column offset=\u00bbvc_col-xs-12&#8243; css=\u00bb.vc_custom_1777480132441{margin-top: 0px !important;}\u00bb][vc_column_text css=\u00bb.vc_custom_1777484005248{margin-bottom: 40px !important;}\u00bb]<\/p>\n<h2 style=\"text-align: center;\"><em>\u00a1Construyamos juntos una misma identidad!<\/em><\/h2>\n<p>[\/vc_column_text][vc_column_text css=\u00bb.vc_custom_1777483970962{margin-bottom: 20px !important;}\u00bb]<\/p>\n<p data-start=\"199\" data-end=\"455\">Queridas iglesias de la Alianza Cristiana y Misionera del Ecuador:<\/p>\n<p>[\/vc_column_text][vc_column_text css=\u00bb.vc_custom_1777498052628{margin-bottom: 0px !important;}\u00bb]En esta secci\u00f3n encontrar\u00e1n nuestro Manual de Marca, como una gu\u00eda que nos ayuda a cuidar y unificar la forma en que nos presentamos. Por medio de este insumo, les proporcionamos indicaciones sobre el uso del logotipo, tipograf\u00edas, colores y otros elementos visuales que forman parte de nuestra identidad.[\/vc_column_text][vc_column_text css=\u00bb.vc_custom_1777483366664{margin-bottom: 0px !important;}\u00bb]Les animamos a utilizar este recurso como apoyo en la elaboraci\u00f3n de materiales y comunicaciones, para seguir construyendo juntos una imagen s\u00f3lida, ordenada y representativa de nuestra misi\u00f3n.[\/vc_column_text][\/vc_column][\/vc_row][vc_row css=\u00bb.vc_custom_1777496816760{margin-top: 1% !important;margin-bottom: 4% !important;border-bottom-width: 0px !important;}\u00bb][vc_column][vc_btn title=\u00bbDescargar Manual de Marca\u00bb style=\u00bbcustom\u00bb custom_background=\u00bb#BA0000&#8243; custom_text=\u00bb#FFFFFF\u00bb size=\u00bblg\u00bb align=\u00bbcenter\u00bb css=\u00bb.vc_custom_1777480625409{margin-bottom: 0px !important;}\u00bb link=\u00bburl:https%3A%2F%2Facymecuador.org%2Figlesia%2Fwp-content%2Fuploads%2F2026%2F04%2FManual-de-Marca-Alianza-del-Ecuador.pdf|title:https%3A%2F%2Facymecuador.org%2FManual-de-Marca-Alianza-del-Ecuador.pdf|target:_blank\u00bb][\/vc_column][\/vc_row][vc_row gap=\u00bb5&#8243; css=\u00bb.vc_custom_1777498163824{margin-top: 0px !important;margin-right: 3% !important;margin-bottom: 5% !important;margin-left: 3% !important;}\u00bb][vc_column width=\u00bb2\/3&#8243; css=\u00bb.vc_custom_1777496433251{margin-left: 0px !important;}\u00bb][vc_cta h2=\u00bb\u00bb h4=\u00bbRevise nuestro manual aqu\u00ed:\u00bb style=\u00bbcustom\u00bb css=\u00bb.vc_custom_1777497490042{margin-bottom: 0px !important;padding-top: 3% !important;padding-right: 3% !important;padding-bottom: 3% !important;padding-left: 3% !important;}\u00bb custom_background=\u00bb#FAFAFA\u00bb]<a href=\"http:\/\/acymecuador.org\/iglesia\/wp-content\/uploads\/2026\/04\/Manual-de-Marca-Alianza-del-Ecuador.pdf\" class=\"pdfemb-viewer\" style=\"\" data-width=\"max\" data-height=\"max\" data-toolbar=\"bottom\" data-toolbar-fixed=\"off\">Manual de Marca - Alianza del Ecuador<\/a>[\/vc_cta][\/vc_column][vc_column css_animation=\u00bbnone\u00bb width=\u00bb1\/3&#8243; css=\u00bb.vc_custom_1777498940388{margin-top: 30% !important;margin-right: 0px !important;margin-left: 0px !important;}\u00bb][vc_column_text css=\u00bb.vc_custom_1777498187413{margin-right: 0px !important;margin-left: 0px !important;}\u00bb]<\/p>\n<p style=\"text-align: center;\">El Departamento de Comunicaciones est\u00e1 a disposici\u00f3n de las iglesias para brindarles orientaciones, resolver inquietudes y ofrecer capacitaciones que faciliten la correcta comprensi\u00f3n y aplicaci\u00f3n del Manual de Marca.<\/p>\n<p style=\"text-align: center;\">Pueden comunicarse con el departamento v\u00eda correo electr\u00f3nico: <em><a class=\"ms-outlook-linkify\" href=\"mailto:comunicaciones@acymecuador.org\">comunicaciones@acymecuador.org<\/a><\/em><\/p>\n<p>[\/vc_column_text][\/vc_column][\/vc_row]<\/p>\n<\/div>","protected":false},"excerpt":{"rendered":"<p>[vc_row css=\u00bb.vc_custom_1777498020074{margin-top: 0px !important;margin-right: 9% !important;margin-bottom: 10px !important;margin-left: 9% !important;padding-right: 0px !important;padding-left: 0px !important;}\u00bb][vc_column offset=\u00bbvc_col-xs-12&#8243; css=\u00bb.vc_custom_1777480132441{margin-top: 0px !important;}\u00bb][vc_column_text css=\u00bb.vc_custom_1777484005248{margin-bottom: 40px !important;}\u00bb] \u00a1Construyamos juntos una misma identidad! [\/vc_column_text][vc_column_text css=\u00bb.vc_custom_1777483970962{margin-bottom: 20px !important;}\u00bb] Queridas iglesias de la Alianza Cristiana y Misionera del Ecuador: [\/vc_column_text][vc_column_text css=\u00bb.vc_custom_1777498052628{margin-bottom: 0px !important;}\u00bb]En esta secci\u00f3n encontrar\u00e1n nuestro Manual de Marca, como una gu\u00eda que [&hellip;]<\/p>\n","protected":false},"author":1,"featured_media":6816,"parent":0,"menu_order":0,"comment_status":"closed","ping_status":"closed","template":"","meta":{"_eb_attr":"","om_disable_all_campaigns":false,"footnotes":""},"class_list":["post-8021","page","type-page","status-publish","has-post-thumbnail","hentry"],"jetpack_sharing_enabled":true,"_links":{"self":[{"href":"http:\/\/acymecuador.org\/iglesia\/wp-json\/wp\/v2\/pages\/8021","targetHints":{"allow":["GET"]}}],"collection":[{"href":"http:\/\/acymecuador.org\/iglesia\/wp-json\/wp\/v2\/pages"}],"about":[{"href":"http:\/\/acymecuador.org\/iglesia\/wp-json\/wp\/v2\/types\/page"}],"author":[{"embeddable":true,"href":"http:\/\/acymecuador.org\/iglesia\/wp-json\/wp\/v2\/users\/1"}],"replies":[{"embeddable":true,"href":"http:\/\/acymecuador.org\/iglesia\/wp-json\/wp\/v2\/comments?post=8021"}],"version-history":[{"count":147,"href":"http:\/\/acymecuador.org\/iglesia\/wp-json\/wp\/v2\/pages\/8021\/revisions"}],"predecessor-version":[{"id":8321,"href":"http:\/\/acymecuador.org\/iglesia\/wp-json\/wp\/v2\/pages\/8021\/revisions\/8321"}],"wp:featuredmedia":[{"embeddable":true,"href":"http:\/\/acymecuador.org\/iglesia\/wp-json\/wp\/v2\/media\/6816"}],"wp:attachment":[{"href":"http:\/\/acymecuador.org\/iglesia\/wp-json\/wp\/v2\/media?parent=8021"}],"curies":[{"name":"wp","href":"https:\/\/api.w.org\/{rel}","templated":true}]}}