{"id":5914,"date":"2023-10-12T16:22:36","date_gmt":"2023-10-12T21:22:36","guid":{"rendered":"http:\/\/acymecuador.org\/iglesia\/?page_id=5914"},"modified":"2023-12-21T16:20:51","modified_gmt":"2023-12-21T21:20:51","slug":"ab-simpson","status":"publish","type":"page","link":"http:\/\/acymecuador.org\/iglesia\/ab-simpson\/","title":{"rendered":"Fundador de la Alianza Cristiana Y Misionera \nDr. Alberto Benjam\u00edn Simpson"},"content":{"rendered":"\n<div class=\"wp-block-group has-global-padding is-layout-constrained wp-block-group-is-layout-constrained\">\n<p>Naci\u00f3 en la Isla del Pr\u00edncipe Eduardo (Canad\u00e1) el 15 de diciembre de 1843. Fue dedicado al Se\u00f1or mediante las oraciones del pastor de la familia John Geddie.<\/p>\n\n\n\n<p>Gan\u00f3 dos becas por su perseverancia, y pudo continuar sus estudios en la Universidad, y ordenarse como Ministro Presbiteriano en septiembre de 1865, a los 21 a\u00f1os de edad.<\/p>\n\n\n\n<p>Al d\u00eda siguiente se cas\u00f3 con Margarita Henry. Enseguida fue recibido como Pastor de la Iglesia Presbiteriana de Knox, en Hamilton, Ontario, all\u00ed fue pastor por 8 a\u00f1os.<\/p>\n\n\n\n<p>A los 30 a\u00f1os, pastore\u00f3 la mayor Iglesia Presbiteriana en Lousville, Kentucky, de Nueva York, y su primer mensaje estuvo basado en Mt. 17:8 \u201cy alzando ellos los ojos, a nadie vieron sino a Jes\u00fas solo\u201d inici\u00f3 con el lema: \u201cSolamente Jesucristo\u201d.<\/p>\n\n\n\n<p>El anhelo misionero de A.B. Simpson fue creciendo y una noche mientras oraba, la visi\u00f3n de los perdidos sin Cristo le hizo postrarse en una dram\u00e1tica oraci\u00f3n bajo el poder del Esp\u00edritu Santo, tom\u00f3 el globo terr\u00e1queo y apret\u00e1ndolo contra su pecho, exclam\u00f3 llorando: \u201c\u00a1Oh Dios! \u00fasame para la salvaci\u00f3n de los hombres y mujeres del mundo entero, que mueren en las tinieblas espirituales sin ning\u00fan rayo de luz\u201d. Guiado por este celo, sal\u00eda a las calles a predicar el Evangelio. Muchos hombres y mujeres de la m\u00e1s variada condici\u00f3n recib\u00edan a Jesucristo. Luego los invitaba al templo para recibir el amor de la familia cristiana.<\/p>\n\n\n\n<p>Muy pronto fueron cientos de nuevos convertidos que llegaban a la iglesia, en su mayor\u00eda de humilde condici\u00f3n; y ellos comenzaron a incomodar a los acomodados hermanos. Esto produjo una situaci\u00f3n insostenible, y Simpson renunci\u00f3 y se dedic\u00f3 a los olvidados de las calles, como era su visi\u00f3n. Sucedi\u00f3 en noviembre de 1881. Ten\u00eda 38 a\u00f1os, una esposa y 6 hijos. Sus amigos \u00edntimos del ministerio le pronosticaron un fracaso rotundo. Uno de ellos le dijo: \u201cNo le diremos adi\u00f3s, Simpson. Pronto usted ha de volver con nosotros\u201d. Esto nunca ocurri\u00f3; Dios ten\u00eda para \u00e9l otros planes.<\/p>\n\n\n\n<p>En noviembre de 1881, siete personas se reunieron en la primera celebraci\u00f3n, un cuarto de arriba era un viejo teatro, una tarde fr\u00eda y gris de Nueva York. Uno de esos siete era un borracho regenerado, que lleg\u00f3 a ser seg\u00fan el decir de Simpson, \u201cel santo m\u00e1s dulce que jam\u00e1s existiera\u201d. Inici\u00f3 con varias reuniones semanales, una de las cuales siempre la hac\u00eda en plena calle. A causa de la estrechez del local, arrendaron un teatro, y m\u00e1s tarde implement\u00f3 una carpa. Incluso el famoso Madison Square Garden fue arrendado para hacer alguna de sus grandes campa\u00f1as evangel\u00edsticas. Dos a\u00f1os despu\u00e9s de aquellos d\u00e9biles comienzos, Simpson organiz\u00f3 la Uni\u00f3n Misionera, cuyo objetivo era la evangelizaci\u00f3n del mundo, al siguiente a\u00f1o enviaron los 5 primeros misioneros al Congo, \u00c1frica.<\/p>\n\n\n\n<p>La visi\u00f3n de Simpson no era formar una Denominaci\u00f3n, sino llevar la Palabra de Dios por todo el mundo. En 1887 nacieron dos organizaciones que funcionaron juntas por 10 a\u00f1os: Christian Alliance y Evangelical Missionary Alliance, hasta 1897; luego se fusionaron para formar la Alianza Cristiana y Misionera.<\/p>\n\n\n\n<p>Cinco a\u00f1os despu\u00e9s, ya hab\u00eda embajadas misioneras en 12 pa\u00edses distintos, con 40 centros y 180 misioneros.<\/p>\n\n\n\n<p>En enero de 1910 emprendi\u00f3 una gira misionera que le llev\u00f3 por territorios como: Brasil, Argentina, Chile y Per\u00fa.<\/p>\n\n\n\n<p>A.B. Simpson parti\u00f3 a la presencia de Dios el 29 de octubre de 1919. Sobre su l\u00e1pida fue escrito: \u201cNo yo, sino Cristo\u201d y \u201cS\u00f3lo Jes\u00fas\u201d<\/p>\n<\/div>\n\n\n\n<div class=\"wp-block-group has-global-padding is-layout-constrained wp-block-group-is-layout-constrained\">\n<h2 class=\"wp-block-heading\">El Evangelio Cu\u00e1druple<\/h2>\n\n\n\n<p>El llamado de Dios en la vida del Dr. A. B. Simpson dio como resultado una doble visi\u00f3n.<\/p>\n\n\n\n<ul class=\"wp-block-list\">\n<li>Primero. Su concepto de la totalidad y centralidad de Cristo en la doctrina dio origen a lo que ha sido llamado el \u201cEvangelio Cu\u00e1druple\u201d. Jesucristo es nuestro Salvador, Santificador, Sanador y el Rey que viene. Simpson sol\u00eda decir: \u201cYo tengo cuatro ruedas en mi carruaje. No puedo descuidar las otras tres para predicar todo el tiempo sobre una sola de ellas\u201d.<\/li>\n<\/ul>\n\n\n\n<ul class=\"wp-block-list\">\n<li>Segundo. La visi\u00f3n y amor por la gente que perece sin Cristo le impuls\u00f3 a enviar los primeros equipos de misioneros. La creencia y la estrategia de Simpson era hacer que las personas llenas del Esp\u00edritu Santo se conviertan en siervos activos de la Obra del Se\u00f1or.<\/li>\n<\/ul>\n<\/div>\n","protected":false},"excerpt":{"rendered":"<p>Naci\u00f3 en la Isla del Pr\u00edncipe Eduardo (Canad\u00e1) el 15 de diciembre de 1843. Fue dedicado al Se\u00f1or mediante las oraciones del pastor de la familia John Geddie. Gan\u00f3 dos becas por su perseverancia, y pudo continuar sus estudios en la Universidad, y ordenarse como Ministro Presbiteriano en septiembre de 1865, a los 21 a\u00f1os [&hellip;]<\/p>\n","protected":false},"author":1,"featured_media":6816,"parent":0,"menu_order":0,"comment_status":"closed","ping_status":"closed","template":"","meta":{"_eb_attr":"","om_disable_all_campaigns":false,"footnotes":""},"class_list":["post-5914","page","type-page","status-publish","has-post-thumbnail","hentry"],"jetpack_sharing_enabled":true,"_links":{"self":[{"href":"http:\/\/acymecuador.org\/iglesia\/wp-json\/wp\/v2\/pages\/5914","targetHints":{"allow":["GET"]}}],"collection":[{"href":"http:\/\/acymecuador.org\/iglesia\/wp-json\/wp\/v2\/pages"}],"about":[{"href":"http:\/\/acymecuador.org\/iglesia\/wp-json\/wp\/v2\/types\/page"}],"author":[{"embeddable":true,"href":"http:\/\/acymecuador.org\/iglesia\/wp-json\/wp\/v2\/users\/1"}],"replies":[{"embeddable":true,"href":"http:\/\/acymecuador.org\/iglesia\/wp-json\/wp\/v2\/comments?post=5914"}],"version-history":[{"count":2,"href":"http:\/\/acymecuador.org\/iglesia\/wp-json\/wp\/v2\/pages\/5914\/revisions"}],"predecessor-version":[{"id":6969,"href":"http:\/\/acymecuador.org\/iglesia\/wp-json\/wp\/v2\/pages\/5914\/revisions\/6969"}],"wp:featuredmedia":[{"embeddable":true,"href":"http:\/\/acymecuador.org\/iglesia\/wp-json\/wp\/v2\/media\/6816"}],"wp:attachment":[{"href":"http:\/\/acymecuador.org\/iglesia\/wp-json\/wp\/v2\/media?parent=5914"}],"curies":[{"name":"wp","href":"https:\/\/api.w.org\/{rel}","templated":true}]}}